{"id":2714,"date":"2015-08-12T09:00:27","date_gmt":"2015-08-12T07:00:27","guid":{"rendered":"http:\/\/haus-padberg.de\/?page_id=2714"},"modified":"2015-08-22T20:04:30","modified_gmt":"2015-08-22T18:04:30","slug":"biergarten","status":"publish","type":"page","link":"https:\/\/haus-padberg.de\/?page_id=2714","title":{"rendered":"Biergarten"},"content":{"rendered":"<div id=\"pl-2714\"  class=\"panel-layout\" ><div id=\"pg-2714-0\"  class=\"panel-grid panel-no-style\" ><div id=\"pgc-2714-0-0\"  class=\"panel-grid-cell panel-grid-cell-empty\" ><\/div><div id=\"pgc-2714-0-1\"  class=\"panel-grid-cell panel-grid-cell-mobile-last\" ><div id=\"panel-2714-0-1-0\" class=\"so-panel widget widget_icon-box panel-first-child panel-last-child\" data-index=\"0\" ><div class=\"thim-widget-icon-box thim-widget-icon-box-base template-base\"><div class=\"wrapper-box-icon text-center \" ><div class=\"smicon-box icon-top\"><div class=\"content-inner\" ><div class=\"sc-heading article_heading\"><p class=\"heading__secondary\">Unser<\/p><h2 class = \"heading__primary wrapper-line-heading\" >BIERGARTEN<span class=\"line-heading\" ><\/span><\/h2><\/div><div class=\"desc-icon-box\"><p >Genie\u00dfen Sie in unserem Biergarten Ihre Freizeit. Sei es bei einem Kaffee, einem gem\u00fctlichen Abend mit Freunden oder bei Spei\u00df und Trank mit der Familie - wir geben unser Bestes, damit Sie sich bei uns gut aufgehoben f\u00fchlen und sich eine sch\u00f6ne Auszeit in gem\u00fctlicher Atmosph\u00e4re g\u00f6nnen k\u00f6nnen.<\/p><\/div><\/div><\/div><!--end smicon-box--><\/div><\/div><\/div><\/div><div id=\"pgc-2714-0-2\"  class=\"panel-grid-cell panel-grid-cell-empty\" ><\/div><\/div><div id=\"pg-2714-1\"  class=\"panel-grid panel-no-style\" ><div id=\"pgc-2714-1-0\"  class=\"panel-grid-cell\" ><div id=\"panel-2714-1-0-0\" class=\"so-panel widget widget_gallery-images panel-first-child\" data-index=\"1\" ><div class=\"thim-widget-gallery-images thim-widget-gallery-images-base template-base\"><div class=\"thim-gallery-images gallery-img \"><div class=\"item\"><img src =\"https:\/\/haus-padberg.de\/wp-content\/uploads\/2015\/08\/galerie13.jpg\" width=\"1010\" height=\"499\" alt=\"\"\/><\/div><\/div><\/div><\/div><div id=\"panel-2714-1-0-1\" class=\"so-panel widget widget_empty-space panel-last-child\" data-index=\"2\" ><div class=\"thim-widget-empty-space thim-widget-empty-space-base template-base\"><div class=\"empty_space\" style=\"height:30px\"><\/div><\/div><\/div><\/div><\/div><\/div>","protected":false},"excerpt":{"rendered":"<p>UnserBIERGARTENGenie\u00dfen Sie in unserem Biergarten Ihre Freizeit. Sei es bei einem Kaffee, einem gem\u00fctlichen Abend mit Freunden oder bei Spei\u00df und Trank mit der Familie &#8211; wir geben unser Bestes, damit Sie sich bei uns gut aufgehoben f\u00fchlen und sich eine sch\u00f6ne Auszeit in gem\u00fctlicher Atmosph\u00e4re g\u00f6nnen k\u00f6nnen.<\/p>\n","protected":false},"author":1,"featured_media":0,"parent":0,"menu_order":0,"comment_status":"closed","ping_status":"closed","template":"","meta":{"footnotes":""},"class_list":["post-2714","page","type-page","status-publish","hentry"],"_links":{"self":[{"href":"https:\/\/haus-padberg.de\/index.php?rest_route=\/wp\/v2\/pages\/2714","targetHints":{"allow":["GET"]}}],"collection":[{"href":"https:\/\/haus-padberg.de\/index.php?rest_route=\/wp\/v2\/pages"}],"about":[{"href":"https:\/\/haus-padberg.de\/index.php?rest_route=\/wp\/v2\/types\/page"}],"author":[{"embeddable":true,"href":"https:\/\/haus-padberg.de\/index.php?rest_route=\/wp\/v2\/users\/1"}],"replies":[{"embeddable":true,"href":"https:\/\/haus-padberg.de\/index.php?rest_route=%2Fwp%2Fv2%2Fcomments&post=2714"}],"version-history":[{"count":2,"href":"https:\/\/haus-padberg.de\/index.php?rest_route=\/wp\/v2\/pages\/2714\/revisions"}],"predecessor-version":[{"id":2717,"href":"https:\/\/haus-padberg.de\/index.php?rest_route=\/wp\/v2\/pages\/2714\/revisions\/2717"}],"wp:attachment":[{"href":"https:\/\/haus-padberg.de\/index.php?rest_route=%2Fwp%2Fv2%2Fmedia&parent=2714"}],"curies":[{"name":"wp","href":"https:\/\/api.w.org\/{rel}","templated":true}]}}