{"id":1690,"date":"2015-07-06T08:26:09","date_gmt":"2015-07-06T08:26:09","guid":{"rendered":"http:\/\/demo.thimpress.com\/resca\/?page_id=5"},"modified":"2022-10-04T17:58:47","modified_gmt":"2022-10-04T15:58:47","slug":"about-us","status":"publish","type":"page","link":"https:\/\/haus-padberg.de\/?page_id=1690","title":{"rendered":"\u00dcber uns"},"content":{"rendered":"<div id=\"pl-1690\"  class=\"panel-layout\" ><div id=\"pg-1690-0\"  class=\"panel-grid panel-no-style\" ><div id=\"pgc-1690-0-0\"  class=\"panel-grid-cell panel-grid-cell-empty\" ><\/div><div id=\"pgc-1690-0-1\"  class=\"panel-grid-cell panel-grid-cell-mobile-last\" ><div id=\"panel-1690-0-1-0\" class=\"so-panel widget widget_icon-box panel-first-child panel-last-child\" data-index=\"0\" ><div class=\"thim-widget-icon-box thim-widget-icon-box-base template-base\"><div class=\"wrapper-box-icon text-center \" ><div class=\"smicon-box icon-top\"><div class=\"content-inner\" ><div class=\"sc-heading article_heading\"><p class=\"heading__secondary\">Seit<\/p><h2 class = \"heading__primary wrapper-line-heading\" >1770<span class=\"line-heading\" ><\/span><\/h2><\/div><div class=\"desc-icon-box\"><p >Das Gr\u00fcndungshaus der Familie Padberg war das Haus Cordes in Balve, H\u00f6nnetalstra\u00dfe 1. Es wurde ca. 1770 erbaut. Im Jahre 1789 fiel das Fachwerkhaus bei einem gro\u00dfen Stadtbrand dem Feuer zum Opfer. Ein Jahr sp\u00e4ter erfolgte der Neuaufbau. Im Jahre 1800 wurde dem damaligen Besitzer, vom Beruf Gerber und Gastwirt, die Konzession zum Betreiben einer Gastwirtschaft erteilt. Zur der Zeit bewohnten ca. 800 B\u00fcrger die Stadt Balve. Unter den Gewerbetreibenden befanden sich 13 Gastwirte.<br \/>\n<br \/>\nIm Jahre 1859 heiratete die Tochter von Josef Cordes Theodor Padberg aus Winkhausen. 1864 wurde die Teilung der Parzelle und die Baugenehmigung f\u00fcr das heutige Haus Padberg beantragt und genehmigt. Der Sohn von Elisabeth Cordes, Fanz-Josef Padberg, vom Beruf Gerber, Land- und Gastwirt, betrieb das Haus Padberg bis 1977. Nach seinem Tode hat die ehemalige Sparkasse Balve das Geb\u00e4ude im Jahr 1998 gekauft, umfangreich renoviert und umgebaut.<br \/>\n<br \/>\nSeit dem 01. September 1999 bewirtschaftet die Familie Stani\u0161ic das Hotel-Restaurant Haus Padberg. Das Haus bietet drei Bundeskegelbahnen, f\u00fcnf modern eingerichtete G\u00e4stezimmer und R\u00e4umlichkeiten f\u00fcr jeden feierlichen Anlass. Die internationale K\u00fcche und die vielf\u00e4ltige Speisekarte bietet Gerichte f\u00fcr jeden Geschmack.<br \/>\n<br \/>\nDas Haus Padberg ist zudem die Vereinsgastst\u00e4tte der Sch\u00fctzenbruderschaft Balve und der SG Balve\/Garbeck. Au\u00dferdem finden im Haus Padberg die j\u00e4hrlichen Kegelmeisterschaften statt.<\/p><\/div><\/div><\/div><!--end smicon-box--><\/div><\/div><\/div><\/div><div id=\"pgc-1690-0-2\"  class=\"panel-grid-cell panel-grid-cell-empty\" ><\/div><\/div><div id=\"pg-1690-1\"  class=\"panel-grid panel-has-style\" ><div class=\"siteorigin-panels-stretch panel-row-style panel-row-style-for-1690-1\" data-stretch-type=\"full-stretched\" ><div id=\"pgc-1690-1-0\"  class=\"panel-grid-cell\" ><div id=\"panel-1690-1-0-0\" class=\"so-panel widget widget_single-images panel-first-child panel-last-child\" data-index=\"1\" ><div class=\"thim-widget-single-images thim-widget-single-images-base template-base\"><div class=\"single-image images_parallax center\"  data-parallax_images=\"scroll\" data-image-src=\"https:\/\/haus-padberg.de\/wp-content\/uploads\/2015\/07\/ueber-uns3.jpg\"><img src =\"https:\/\/haus-padberg.de\/wp-content\/uploads\/2015\/07\/ueber-uns3.jpg\" width=\"1920\" height=\"700\" alt=\"\"\/><\/div><\/div><\/div><\/div><\/div><\/div><div id=\"pg-1690-2\"  class=\"panel-grid panel-no-style\" ><div id=\"pgc-1690-2-0\"  class=\"panel-grid-cell\" ><div id=\"panel-1690-2-0-0\" class=\"so-panel widget widget_icon-box panel-first-child\" data-index=\"2\" ><div class=\"panel-widget-style panel-widget-style-for-1690-2-0-0\" ><div class=\"thim-widget-icon-box thim-widget-icon-box-base template-base\"><div class=\"wrapper-box-icon text-center \" ><div class=\"smicon-box icon-top\"><div class=\"content-inner\" ><div class=\"sc-heading article_heading\"><p class=\"heading__secondary\">Einige<\/p><h2 class = \"heading__primary wrapper-line-heading\" >IMPRESSIONEN<span class=\"line-heading\" ><\/span><\/h2><\/div><div class=\"desc-icon-box\"><p >Wir freuen uns auf Sie!<\/p><\/div><\/div><\/div><!--end smicon-box--><\/div><\/div><\/div><\/div><div id=\"panel-1690-2-0-1\" class=\"so-panel widget widget_gallery-images panel-last-child\" data-index=\"3\" ><div class=\"thim-widget-gallery-images thim-widget-gallery-images-base template-base\"><div class=\"thim-gallery-images gallery-img \"><div class=\"item\"><img src =\"https:\/\/haus-padberg.de\/wp-content\/uploads\/2015\/08\/haus2209-4-big.jpeg\" width=\"2000\" height=\"1500\" alt=\"\"\/><\/div><div class=\"item\"><img src =\"https:\/\/haus-padberg.de\/wp-content\/uploads\/2015\/07\/impressionen2.jpg\" width=\"1010\" height=\"500\" alt=\"\"\/><\/div><div class=\"item\"><img src =\"https:\/\/haus-padberg.de\/wp-content\/uploads\/2015\/07\/impressionen3.jpg\" width=\"1010\" height=\"500\" alt=\"\"\/><\/div><div class=\"item\"><img src =\"https:\/\/haus-padberg.de\/wp-content\/uploads\/2015\/08\/hotel5.jpg\" width=\"1010\" height=\"500\" alt=\"\"\/><\/div><div class=\"item\"><img src =\"https:\/\/haus-padberg.de\/wp-content\/uploads\/2015\/07\/impressionen5.jpg\" width=\"1010\" height=\"500\" alt=\"\"\/><\/div><\/div><\/div><\/div><\/div><\/div><\/div>","protected":false},"excerpt":{"rendered":"<p>Seit1770Das Gr\u00fcndungshaus der Familie Padberg war das Haus Cordes in Balve, H\u00f6nnetalstra\u00dfe 1. Es wurde ca. 1770 erbaut. Im Jahre 1789 fiel das Fachwerkhaus bei einem gro\u00dfen Stadtbrand dem Feuer zum Opfer. Ein Jahr sp\u00e4ter erfolgte der Neuaufbau. Im Jahre 1800 wurde dem damaligen Besitzer, vom Beruf Gerber und Gastwirt, <\/p>\n","protected":false},"author":1,"featured_media":0,"parent":0,"menu_order":0,"comment_status":"closed","ping_status":"closed","template":"","meta":{"footnotes":""},"class_list":["post-1690","page","type-page","status-publish","hentry"],"_links":{"self":[{"href":"https:\/\/haus-padberg.de\/index.php?rest_route=\/wp\/v2\/pages\/1690","targetHints":{"allow":["GET"]}}],"collection":[{"href":"https:\/\/haus-padberg.de\/index.php?rest_route=\/wp\/v2\/pages"}],"about":[{"href":"https:\/\/haus-padberg.de\/index.php?rest_route=\/wp\/v2\/types\/page"}],"author":[{"embeddable":true,"href":"https:\/\/haus-padberg.de\/index.php?rest_route=\/wp\/v2\/users\/1"}],"replies":[{"embeddable":true,"href":"https:\/\/haus-padberg.de\/index.php?rest_route=%2Fwp%2Fv2%2Fcomments&post=1690"}],"version-history":[{"count":23,"href":"https:\/\/haus-padberg.de\/index.php?rest_route=\/wp\/v2\/pages\/1690\/revisions"}],"predecessor-version":[{"id":2974,"href":"https:\/\/haus-padberg.de\/index.php?rest_route=\/wp\/v2\/pages\/1690\/revisions\/2974"}],"wp:attachment":[{"href":"https:\/\/haus-padberg.de\/index.php?rest_route=%2Fwp%2Fv2%2Fmedia&parent=1690"}],"curies":[{"name":"wp","href":"https:\/\/api.w.org\/{rel}","templated":true}]}}